{"id":2541,"date":"2026-02-24T16:13:44","date_gmt":"2026-02-24T16:13:44","guid":{"rendered":"https:\/\/portafoliorm.mqdiseno.cl\/?page_id=2541"},"modified":"2026-02-25T15:43:53","modified_gmt":"2026-02-25T15:43:53","slug":"mi-cv","status":"publish","type":"page","link":"https:\/\/portafoliorm.mqdiseno.cl\/index.php\/mi-cv\/","title":{"rendered":"Mi CV"},"content":{"rendered":"\t\t<div data-elementor-type=\"wp-page\" data-elementor-id=\"2541\" class=\"elementor elementor-2541\" data-elementor-post-type=\"page\">\n\t\t\t\t\t\t<section class=\"elementor-section elementor-top-section elementor-element elementor-element-b31b006 elementor-section-boxed elementor-section-height-default elementor-section-height-default\" data-id=\"b31b006\" data-element_type=\"section\" data-e-type=\"section\">\n\t\t\t\t\t\t<div class=\"elementor-container elementor-column-gap-default\">\n\t\t\t\t\t<div class=\"elementor-column elementor-col-100 elementor-top-column elementor-element elementor-element-9ae754c\" data-id=\"9ae754c\" data-element_type=\"column\" data-e-type=\"column\">\n\t\t\t<div class=\"elementor-widget-wrap elementor-element-populated\">\n\t\t\t\t\t\t<div class=\"elementor-element elementor-element-6f8f3b5 elementor-nav-menu--dropdown-tablet elementor-nav-menu__text-align-aside elementor-nav-menu--toggle elementor-nav-menu--burger elementor-widget elementor-widget-nav-menu\" data-id=\"6f8f3b5\" data-element_type=\"widget\" data-e-type=\"widget\" data-settings=\"{&quot;layout&quot;:&quot;horizontal&quot;,&quot;submenu_icon&quot;:{&quot;value&quot;:&quot;&lt;i class=\\&quot;fas fa-caret-down\\&quot; aria-hidden=\\&quot;true\\&quot;&gt;&lt;\\\/i&gt;&quot;,&quot;library&quot;:&quot;fa-solid&quot;},&quot;toggle&quot;:&quot;burger&quot;}\" data-widget_type=\"nav-menu.default\">\n\t\t\t\t<div class=\"elementor-widget-container\">\n\t\t\t\t\t\t\t\t<nav aria-label=\"Menu\" class=\"elementor-nav-menu--main elementor-nav-menu__container elementor-nav-menu--layout-horizontal e--pointer-underline e--animation-fade\">\n\t\t\t\t<ul id=\"menu-1-6f8f3b5\" class=\"easymega-wp elementor-nav-menu\"><li id=\"menu-item-2477\" class=\"menu-item menu-item-type-post_type menu-item-object-page menu-item-home\"><a href=\"https:\/\/portafoliorm.mqdiseno.cl\/\"><span class=\"menu-link\"><span class=\"menu-title\">BIENVENIDOS<\/span><\/span><\/a><\/li>\n<li id=\"menu-item-58\" class=\"menu-item menu-item-type-post_type menu-item-object-page\"><a href=\"https:\/\/portafoliorm.mqdiseno.cl\/index.php\/trabajos\/\"><span class=\"menu-link\"><span class=\"menu-title\">Trabajos<\/span><\/span><\/a><\/li>\n<li id=\"menu-item-60\" class=\"menu-item menu-item-type-post_type menu-item-object-page\"><a href=\"https:\/\/portafoliorm.mqdiseno.cl\/index.php\/contacto\/\"><span class=\"menu-link\"><span class=\"menu-title\">Contacto<\/span><\/span><\/a><\/li>\n<\/ul>\t\t\t<\/nav>\n\t\t\t\t\t<div class=\"elementor-menu-toggle\" role=\"button\" tabindex=\"0\" aria-label=\"Menu Toggle\" aria-expanded=\"false\">\n\t\t\t<i aria-hidden=\"true\" role=\"presentation\" class=\"elementor-menu-toggle__icon--open eicon-menu-bar\"><\/i><i aria-hidden=\"true\" role=\"presentation\" class=\"elementor-menu-toggle__icon--close eicon-close\"><\/i>\t\t<\/div>\n\t\t\t\t\t<nav class=\"elementor-nav-menu--dropdown elementor-nav-menu__container\" aria-hidden=\"true\">\n\t\t\t\t<ul id=\"menu-2-6f8f3b5\" class=\"easymega-wp elementor-nav-menu\"><li id=\"menu-item-2477\" class=\"menu-item menu-item-type-post_type menu-item-object-page menu-item-home\"><a href=\"https:\/\/portafoliorm.mqdiseno.cl\/\"><span class=\"menu-link\"><span class=\"menu-title\">BIENVENIDOS<\/span><\/span><\/a><\/li>\n<li id=\"menu-item-58\" class=\"menu-item menu-item-type-post_type menu-item-object-page\"><a href=\"https:\/\/portafoliorm.mqdiseno.cl\/index.php\/trabajos\/\"><span class=\"menu-link\"><span class=\"menu-title\">Trabajos<\/span><\/span><\/a><\/li>\n<li id=\"menu-item-60\" class=\"menu-item menu-item-type-post_type menu-item-object-page\"><a href=\"https:\/\/portafoliorm.mqdiseno.cl\/index.php\/contacto\/\"><span class=\"menu-link\"><span class=\"menu-title\">Contacto<\/span><\/span><\/a><\/li>\n<\/ul>\t\t\t<\/nav>\n\t\t\t\t\t\t<\/div>\n\t\t\t\t<\/div>\n\t\t\t\t\t<\/div>\n\t\t<\/div>\n\t\t\t\t\t<\/div>\n\t\t<\/section>\n\t\t\t\t<section class=\"elementor-section elementor-top-section elementor-element elementor-element-424bc01 elementor-section-boxed elementor-section-height-default elementor-section-height-default\" data-id=\"424bc01\" data-element_type=\"section\" data-e-type=\"section\">\n\t\t\t\t\t\t<div class=\"elementor-container elementor-column-gap-default\">\n\t\t\t\t\t<div class=\"elementor-column elementor-col-100 elementor-top-column elementor-element elementor-element-91be0e8\" data-id=\"91be0e8\" data-element_type=\"column\" data-e-type=\"column\">\n\t\t\t<div class=\"elementor-widget-wrap elementor-element-populated\">\n\t\t\t\t\t\t<div class=\"elementor-element elementor-element-a49f4ec elementor-widget elementor-widget-image\" data-id=\"a49f4ec\" data-element_type=\"widget\" data-e-type=\"widget\" data-widget_type=\"image.default\">\n\t\t\t\t<div class=\"elementor-widget-container\">\n\t\t\t\t\t\t\t\t\t\t\t\t\t\t\t<img decoding=\"async\" width=\"120\" height=\"120\" src=\"https:\/\/portafoliorm.mqdiseno.cl\/wp-content\/uploads\/2019\/08\/cropped-cropped-ic-logoCabecera.png\" class=\"attachment-large size-large wp-image-2351\" alt=\"\" srcset=\"https:\/\/portafoliorm.mqdiseno.cl\/wp-content\/uploads\/2019\/08\/cropped-cropped-ic-logoCabecera.png 120w, https:\/\/portafoliorm.mqdiseno.cl\/wp-content\/uploads\/2019\/08\/cropped-cropped-ic-logoCabecera-75x75.png 75w, https:\/\/portafoliorm.mqdiseno.cl\/wp-content\/uploads\/2019\/08\/cropped-cropped-ic-logoCabecera-116x116.png 116w\" sizes=\"(max-width: 120px) 100vw, 120px\" \/>\t\t\t\t\t\t\t\t\t\t\t\t\t\t\t<\/div>\n\t\t\t\t<\/div>\n\t\t\t\t\t<\/div>\n\t\t<\/div>\n\t\t\t\t\t<\/div>\n\t\t<\/section>\n\t\t\t\t<section class=\"elementor-section elementor-top-section elementor-element elementor-element-50505e9 elementor-section-boxed elementor-section-height-default elementor-section-height-default\" data-id=\"50505e9\" data-element_type=\"section\" data-e-type=\"section\">\n\t\t\t\t\t\t<div class=\"elementor-container elementor-column-gap-default\">\n\t\t\t\t\t<div class=\"elementor-column elementor-col-100 elementor-top-column elementor-element elementor-element-6871001\" data-id=\"6871001\" data-element_type=\"column\" data-e-type=\"column\" data-settings=\"{&quot;background_background&quot;:&quot;classic&quot;}\">\n\t\t\t<div class=\"elementor-widget-wrap elementor-element-populated\">\n\t\t\t\t\t\t<div class=\"elementor-element elementor-element-46ae9a4 elementor-widget elementor-widget-text-editor\" data-id=\"46ae9a4\" data-element_type=\"widget\" data-e-type=\"widget\" data-widget_type=\"text-editor.default\">\n\t\t\t\t<div class=\"elementor-widget-container\">\n\t\t\t\t\t\t\t\t\t<h3>RODRIGO GUILLERMO MONSALVE MONSALVE<br \/>Dise\u00f1ador Multimedia Senior | Dise\u00f1ador Gr\u00e1fico Senior | Especialista en E-learning<\/h3>\t\t\t\t\t\t\t\t<\/div>\n\t\t\t\t<\/div>\n\t\t\t\t<div class=\"elementor-element elementor-element-5b544d1 elementor-widget elementor-widget-text-editor\" data-id=\"5b544d1\" data-element_type=\"widget\" data-e-type=\"widget\" data-widget_type=\"text-editor.default\">\n\t\t\t\t<div class=\"elementor-widget-container\">\n\t\t\t\t\t\t\t\t\t<h6><strong>\u00a7 Perfil Profesional<\/strong><\/h6><p>Dise\u00f1ador Multimedia Senior y Dise\u00f1ador Gr\u00e1fico Senior con m\u00e1s de 12 a\u00f1os de experiencia en desarrollo de contenidos digitales, producci\u00f3n audiovisual y dise\u00f1o estrat\u00e9gico para entornos educativos e institucionales.<\/p><p>Especializado en dise\u00f1o e-learning y producci\u00f3n multimedia para<br \/>plataformas LMS. Integraci\u00f3n avanzada de herramientas de Inteligencia Artificial para optimizaci\u00f3n de procesos creativos, generaci\u00f3n de im\u00e1genes, video, voz sint\u00e9tica y documentaci\u00f3n interactiva.Experiencia Profesional.<\/p><p><strong>\u2022 KIBERNUM IT Academy<\/strong> (2022 \u2013 Actualidad)<br \/>Dise\u00f1o y desarrollo de recursos e-learning, producci\u00f3n multimedia, implementaci\u00f3n en Moodle, integraci\u00f3n de IA para generaci\u00f3n de im\u00e1genes, voz y video.<\/p><p>\u2022 <strong>Universidad de Santiago de Chile<\/strong> (2020 \u2013 2022)<br \/>Dise\u00f1o visual para cursos digitales, producci\u00f3n audiovisual acad\u00e9mica y desarrollo gr\u00e1fico institucional.<\/p><p>\u2022 <strong>Ministerio de Salud de Chile<\/strong> (2018)<br \/>Dise\u00f1o gr\u00e1fico para proyecto web institucional SIAD.<\/p><p><strong>\u2022 Dise\u00f1ador Gr\u00e1fico Impresi\u00f3n Digita<\/strong>l (2020)<br \/>Desarrollo de piezas gr\u00e1ficas para impresi\u00f3n digital.<\/p><p><strong>Competencias T\u00e9cnicas<\/strong><br \/>\u2022 Adobe Photoshop, Illustrator, InDesign, After Effects, Premiere Pro, Acrobat Pro.<\/p><p>\u2022 Articulate Storyline 360, Moodle, Dise\u00f1o instruccional visual.<\/p><p>\u2022 WordPress, HTML intermedio, Implementaci\u00f3n LMS.<\/p><p>\u2022 Herramientas IA: Leonardo.ai, ElevenLabs, Pika, Gamma, Genially.<\/p><p><strong>\u00a7 Formaci\u00f3n Acad\u00e9mica<\/strong><br \/>Dise\u00f1ador Gr\u00e1fico Profesional \u2013 INACAP Valpara\u00edso (2000 \u2013 2004)<\/p>\t\t\t\t\t\t\t\t<\/div>\n\t\t\t\t<\/div>\n\t\t\t\t\t<\/div>\n\t\t<\/div>\n\t\t\t\t\t<\/div>\n\t\t<\/section>\n\t\t\t\t<\/div>\n\t\t","protected":false},"excerpt":{"rendered":"<p>RODRIGO GUILLERMO MONSALVE MONSALVEDise\u00f1ador Multimedia Senior | Dise\u00f1ador Gr\u00e1fico Senior | Especialista en E-learning \u00a7 Perfil Profesional Dise\u00f1ador Multimedia Senior y Dise\u00f1ador Gr\u00e1fico Senior con m\u00e1s de 12 a\u00f1os de experiencia en desarrollo de contenidos digitales, producci\u00f3n audiovisual y dise\u00f1o estrat\u00e9gico para entornos educativos e institucionales. Especializado en dise\u00f1o e-learning y producci\u00f3n multimedia paraplataformas LMS. Integraci\u00f3n avanzada de herramientas de Inteligencia Artificial para optimizaci\u00f3n de procesos creativos, generaci\u00f3n de im\u00e1genes, video, voz sint\u00e9tica y documentaci\u00f3n interactiva.Experiencia Profesional. \u2022 KIBERNUM IT&hellip;<\/p>\n","protected":false},"author":1,"featured_media":0,"parent":0,"menu_order":0,"comment_status":"closed","ping_status":"closed","template":"elementor_canvas","meta":{"footnotes":""},"class_list":["post-2541","page","type-page","status-publish","hentry"],"_links":{"self":[{"href":"https:\/\/portafoliorm.mqdiseno.cl\/index.php\/wp-json\/wp\/v2\/pages\/2541","targetHints":{"allow":["GET"]}}],"collection":[{"href":"https:\/\/portafoliorm.mqdiseno.cl\/index.php\/wp-json\/wp\/v2\/pages"}],"about":[{"href":"https:\/\/portafoliorm.mqdiseno.cl\/index.php\/wp-json\/wp\/v2\/types\/page"}],"author":[{"embeddable":true,"href":"https:\/\/portafoliorm.mqdiseno.cl\/index.php\/wp-json\/wp\/v2\/users\/1"}],"replies":[{"embeddable":true,"href":"https:\/\/portafoliorm.mqdiseno.cl\/index.php\/wp-json\/wp\/v2\/comments?post=2541"}],"version-history":[{"count":40,"href":"https:\/\/portafoliorm.mqdiseno.cl\/index.php\/wp-json\/wp\/v2\/pages\/2541\/revisions"}],"predecessor-version":[{"id":2625,"href":"https:\/\/portafoliorm.mqdiseno.cl\/index.php\/wp-json\/wp\/v2\/pages\/2541\/revisions\/2625"}],"wp:attachment":[{"href":"https:\/\/portafoliorm.mqdiseno.cl\/index.php\/wp-json\/wp\/v2\/media?parent=2541"}],"curies":[{"name":"wp","href":"https:\/\/api.w.org\/{rel}","templated":true}]}}