{"id":2476,"date":"2026-02-23T19:05:01","date_gmt":"2026-02-23T19:05:01","guid":{"rendered":"https:\/\/portafoliorm.mqdiseno.cl\/?page_id=2476"},"modified":"2026-02-25T15:58:51","modified_gmt":"2026-02-25T15:58:51","slug":"nuevo-inicio","status":"publish","type":"page","link":"https:\/\/portafoliorm.mqdiseno.cl\/","title":{"rendered":"BIENVENIDOS"},"content":{"rendered":"\t\t<div data-elementor-type=\"wp-page\" data-elementor-id=\"2476\" class=\"elementor elementor-2476\" data-elementor-post-type=\"page\">\n\t\t\t\t\t\t<section class=\"elementor-section elementor-top-section elementor-element elementor-element-1cec6900 elementor-section-boxed elementor-section-height-default elementor-section-height-default\" data-id=\"1cec6900\" data-element_type=\"section\" data-e-type=\"section\">\n\t\t\t\t\t\t<div class=\"elementor-container elementor-column-gap-default\">\n\t\t\t\t\t<div class=\"elementor-column elementor-col-25 elementor-top-column elementor-element elementor-element-3008357a\" data-id=\"3008357a\" data-element_type=\"column\" data-e-type=\"column\">\n\t\t\t<div class=\"elementor-widget-wrap\">\n\t\t\t\t\t\t\t<\/div>\n\t\t<\/div>\n\t\t\t\t<div class=\"elementor-column elementor-col-25 elementor-top-column elementor-element elementor-element-2edc0cf1\" data-id=\"2edc0cf1\" data-element_type=\"column\" data-e-type=\"column\">\n\t\t\t<div class=\"elementor-widget-wrap elementor-element-populated\">\n\t\t\t\t\t\t<div class=\"elementor-element elementor-element-2d304dbc elementor-widget elementor-widget-theme-site-logo elementor-widget-image\" data-id=\"2d304dbc\" data-element_type=\"widget\" data-e-type=\"widget\" data-widget_type=\"theme-site-logo.default\">\n\t\t\t\t<div class=\"elementor-widget-container\">\n\t\t\t\t\t\t\t\t\t\t\t<a href=\"https:\/\/portafoliorm.mqdiseno.cl\">\n\t\t\t<img decoding=\"async\" width=\"120\" height=\"120\" src=\"https:\/\/portafoliorm.mqdiseno.cl\/wp-content\/uploads\/2019\/08\/cropped-ic-logoCabecera.png\" class=\"attachment-full size-full wp-image-2334\" alt=\"\" srcset=\"https:\/\/portafoliorm.mqdiseno.cl\/wp-content\/uploads\/2019\/08\/cropped-ic-logoCabecera.png 120w, https:\/\/portafoliorm.mqdiseno.cl\/wp-content\/uploads\/2019\/08\/cropped-ic-logoCabecera-75x75.png 75w, https:\/\/portafoliorm.mqdiseno.cl\/wp-content\/uploads\/2019\/08\/cropped-ic-logoCabecera-96x96.png 96w, https:\/\/portafoliorm.mqdiseno.cl\/wp-content\/uploads\/2019\/08\/cropped-ic-logoCabecera-116x116.png 116w\" sizes=\"(max-width: 120px) 100vw, 120px\" \/>\t\t\t\t<\/a>\n\t\t\t\t\t\t\t\t\t\t\t<\/div>\n\t\t\t\t<\/div>\n\t\t\t\t\t<\/div>\n\t\t<\/div>\n\t\t\t\t<div class=\"elementor-column elementor-col-25 elementor-top-column elementor-element elementor-element-7a02171e\" data-id=\"7a02171e\" data-element_type=\"column\" data-e-type=\"column\">\n\t\t\t<div class=\"elementor-widget-wrap elementor-element-populated\">\n\t\t\t\t\t\t<div class=\"elementor-element elementor-element-4faca521 elementor-widget__width-initial elementor-widget elementor-widget-heading\" data-id=\"4faca521\" data-element_type=\"widget\" data-e-type=\"widget\" data-widget_type=\"heading.default\">\n\t\t\t\t<div class=\"elementor-widget-container\">\n\t\t\t\t\t<h3 class=\"elementor-heading-title elementor-size-default\"><b>Portafolio Profesional<\/b><\/h3>\t\t\t\t<\/div>\n\t\t\t\t<\/div>\n\t\t\t\t\t<\/div>\n\t\t<\/div>\n\t\t\t\t<div class=\"elementor-column elementor-col-25 elementor-top-column elementor-element elementor-element-7c909a4e\" data-id=\"7c909a4e\" data-element_type=\"column\" data-e-type=\"column\">\n\t\t\t<div class=\"elementor-widget-wrap\">\n\t\t\t\t\t\t\t<\/div>\n\t\t<\/div>\n\t\t\t\t\t<\/div>\n\t\t<\/section>\n\t\t\t\t<section class=\"elementor-section elementor-top-section elementor-element elementor-element-4bb6905 elementor-section-boxed elementor-section-height-default elementor-section-height-default\" data-id=\"4bb6905\" data-element_type=\"section\" data-e-type=\"section\">\n\t\t\t\t\t\t<div class=\"elementor-container elementor-column-gap-default\">\n\t\t\t\t\t<div class=\"elementor-column elementor-col-33 elementor-top-column elementor-element elementor-element-2517798\" data-id=\"2517798\" data-element_type=\"column\" data-e-type=\"column\" data-settings=\"{&quot;background_background&quot;:&quot;classic&quot;}\">\n\t\t\t<div class=\"elementor-widget-wrap\">\n\t\t\t\t\t\t\t<\/div>\n\t\t<\/div>\n\t\t\t\t<div class=\"elementor-column elementor-col-33 elementor-top-column elementor-element elementor-element-0137c22\" data-id=\"0137c22\" data-element_type=\"column\" data-e-type=\"column\" data-settings=\"{&quot;background_background&quot;:&quot;classic&quot;}\">\n\t\t\t<div class=\"elementor-widget-wrap elementor-element-populated\">\n\t\t\t\t\t\t<div class=\"elementor-element elementor-element-4a392ae5 elementor-widget elementor-widget-link-in-bio\" data-id=\"4a392ae5\" data-element_type=\"widget\" data-e-type=\"widget\" data-widget_type=\"link-in-bio.default\">\n\t\t\t\t<div class=\"elementor-widget-container\">\n\t\t\t\t\t\t\t<div class=\"e-link-in-bio e-link-in-bio\">\n\t\t\t<div class=\"e-link-in-bio__content\">\n\n\t\t\t\t\t\t<div class=\"e-link-in-bio__identity\">\n\t\t\t\t\t\t\t\t\t<div class=\"e-link-in-bio__identity-image e-link-in-bio__identity-image-profile has-style-circle\">\n\t\t\t\t\t\t\t<img fetchpriority=\"high\" decoding=\"async\" width=\"300\" height=\"300\" src=\"https:\/\/portafoliorm.mqdiseno.cl\/wp-content\/uploads\/2018\/09\/avatar-300x300.png\" class=\"e-link-in-bio__identity-image-element\" alt=\"\" srcset=\"https:\/\/portafoliorm.mqdiseno.cl\/wp-content\/uploads\/2018\/09\/avatar-300x300.png 300w, https:\/\/portafoliorm.mqdiseno.cl\/wp-content\/uploads\/2018\/09\/avatar-150x150.png 150w, https:\/\/portafoliorm.mqdiseno.cl\/wp-content\/uploads\/2018\/09\/avatar.png 400w\" sizes=\"(max-width: 300px) 100vw, 300px\" \/>\t\t\t\t\t\t\t\t\t\t\t\t\t<\/div>\n\t\t\t\t\t\t\t<\/div>\n\t\t\t\t\t<div class=\"e-link-in-bio__bio\">\n\t\t\t\t<h2 class=\"e-link-in-bio__heading\">Rodrigo G. Monsalve M.<\/h2>\t\t\t\t<h4 class=\"e-link-in-bio__title\">Dise\u00f1ador Gr\u00e1fico Profesional<\/h4>\t\t\t\t\t\t\t\t<p class=\"e-link-in-bio__description\">Dise\u00f1ador Multimedia y Gr\u00e1fico Senior con m\u00e1s de 12 a\u00f1os de experiencia en contenidos digitales, producci\u00f3n audiovisual y dise\u00f1o e-learning para entornos educativos e institucionales.\nEspecialista en experiencias visuales interactivas y producci\u00f3n multimedia para LMS, integrando Inteligencia Artificial en procesos creativos.<\/p>\t\t\t<\/div>\n\t\t\t\t\t<div class=\"e-link-in-bio__icons has-size-small\">\n\t\t\t\t\t\t\t<div class=\"e-link-in-bio__icon is-size-small\">\n\t\t\t\t\t<a href=\"https:\/\/www.instagram.com\/mqdisenografico\/\" target=\"_blank\" rel=\"noopener \" aria-label=\"Instagram\" class=\"e-link-in-bio__icon-link\">\n\t\t\t\t\t\t<span class=\"e-link-in-bio__icon-svg\">\n\t\t\t\t\t\t\t<i aria-hidden=\"true\" class=\"fab fa-instagram\"><\/i>\t\t\t\t\t\t<\/span>\n\t\t\t\t\t\t\t\t\t\t\t<\/a>\n\t\t\t\t<\/div>\n\t\t\t\t\t<\/div>\n\t\t\n\t\t<div class=\"e-link-in-bio__ctas has-type-button\">\n\t\t\t\t\t\t\t<a href=\"https:\/\/portafoliorm.mqdiseno.cl\/index.php\/trabajos\/\" class=\"e-link-in-bio__cta is-type-button has-corners-rounded\">\n\t\t\t\t\t\t\t\t\t\t<span class=\"e-link-in-bio__cta-text\">\n\t\t\t\t\t\tVer mis trabajos\t\t\t\t\t<\/span>\n\t\t\t\t<\/a>\n\t\t\t\t\t\t\t<a href=\"https:\/\/portafoliorm.mqdiseno.cl\/index.php\/mi-cv\/\" class=\"e-link-in-bio__cta is-type-button has-corners-rounded\">\n\t\t\t\t\t\t\t\t\t\t<span class=\"e-link-in-bio__cta-text\">\n\t\t\t\t\t\tVer CV\t\t\t\t\t<\/span>\n\t\t\t\t<\/a>\n\t\t\t\t\t\t\t<a href=\"https:\/\/portafoliorm.mqdiseno.cl\/index.php\/contacto\/\" class=\"e-link-in-bio__cta is-type-button has-corners-rounded\">\n\t\t\t\t\t\t\t\t\t\t<span class=\"e-link-in-bio__cta-text\">\n\t\t\t\t\t\tCont\u00e1ctame\t\t\t\t\t<\/span>\n\t\t\t\t<\/a>\n\t\t\t\t\t<\/div>\n\t\t\n\t\t\t<\/div>\n\t\t\t<div class=\"e-link-in-bio__bg\">\n\t\t\t\t<div class=\"e-link-in-bio__bg-overlay\"><\/div>\n\t\t\t<\/div>\n\t\t<\/div>\n\t\t\t\t\t\t<\/div>\n\t\t\t\t<\/div>\n\t\t\t\t\t<\/div>\n\t\t<\/div>\n\t\t\t\t<div class=\"elementor-column elementor-col-33 elementor-top-column elementor-element elementor-element-1b08c57\" data-id=\"1b08c57\" data-element_type=\"column\" data-e-type=\"column\">\n\t\t\t<div class=\"elementor-widget-wrap\">\n\t\t\t\t\t\t\t<\/div>\n\t\t<\/div>\n\t\t\t\t\t<\/div>\n\t\t<\/section>\n\t\t\t\t<\/div>\n\t\t","protected":false},"excerpt":{"rendered":"<p>Portafolio Profesional Rodrigo G. Monsalve M. Dise\u00f1ador Gr\u00e1fico Profesional Dise\u00f1ador Multimedia y Gr\u00e1fico Senior con m\u00e1s de 12 a\u00f1os de experiencia en contenidos digitales, producci\u00f3n audiovisual y dise\u00f1o e-learning para entornos educativos e institucionales. Especialista en experiencias visuales interactivas y producci\u00f3n multimedia para LMS, integrando Inteligencia Artificial en procesos creativos. Ver mis trabajos Ver CV Cont\u00e1ctame<\/p>\n","protected":false},"author":1,"featured_media":0,"parent":0,"menu_order":0,"comment_status":"closed","ping_status":"closed","template":"elementor_canvas","meta":{"footnotes":""},"class_list":["post-2476","page","type-page","status-publish","hentry"],"_links":{"self":[{"href":"https:\/\/portafoliorm.mqdiseno.cl\/index.php\/wp-json\/wp\/v2\/pages\/2476","targetHints":{"allow":["GET"]}}],"collection":[{"href":"https:\/\/portafoliorm.mqdiseno.cl\/index.php\/wp-json\/wp\/v2\/pages"}],"about":[{"href":"https:\/\/portafoliorm.mqdiseno.cl\/index.php\/wp-json\/wp\/v2\/types\/page"}],"author":[{"embeddable":true,"href":"https:\/\/portafoliorm.mqdiseno.cl\/index.php\/wp-json\/wp\/v2\/users\/1"}],"replies":[{"embeddable":true,"href":"https:\/\/portafoliorm.mqdiseno.cl\/index.php\/wp-json\/wp\/v2\/comments?post=2476"}],"version-history":[{"count":91,"href":"https:\/\/portafoliorm.mqdiseno.cl\/index.php\/wp-json\/wp\/v2\/pages\/2476\/revisions"}],"predecessor-version":[{"id":2684,"href":"https:\/\/portafoliorm.mqdiseno.cl\/index.php\/wp-json\/wp\/v2\/pages\/2476\/revisions\/2684"}],"wp:attachment":[{"href":"https:\/\/portafoliorm.mqdiseno.cl\/index.php\/wp-json\/wp\/v2\/media?parent=2476"}],"curies":[{"name":"wp","href":"https:\/\/api.w.org\/{rel}","templated":true}]}}